{"id":1073,"date":"2024-08-19T16:50:06","date_gmt":"2024-08-19T16:50:06","guid":{"rendered":"https:\/\/bridgeportvisionclinic.com\/?page_id=1073"},"modified":"2025-05-27T19:53:14","modified_gmt":"2025-05-27T19:53:14","slug":"testimonials","status":"publish","type":"page","link":"https:\/\/growwithteamvision.com\/fr\/testimonials\/","title":{"rendered":"T\u00e9moignages"},"content":{"rendered":"<div class=\"wp-block-cover is-light\" style=\"min-height:100px;aspect-ratio:unset;\"><span aria-hidden=\"true\" class=\"wp-block-cover__background has-background-dim-100 has-background-dim\" style=\"background-color:#c4c9cf\"><\/span><div class=\"wp-block-cover__inner-container is-layout-constrained wp-block-cover-is-layout-constrained\"><div class=\"wp-bootstrap-blocks-container container mb-2\">\n\t\n\n<h1 class=\"wp-block-heading has-text-align-center\">T\u00e9moignages de praticiens<\/h1>\n\n<\/div>\n<\/div><\/div>\n\n\n\n<div style=\"height:30px\" aria-hidden=\"true\" class=\"wp-block-spacer\"><\/div>\n\n\n<div class=\"wp-bootstrap-blocks-container container mb-2\">\n\t\n<div class=\"wp-bootstrap-blocks-container container-fluid mb-2\">\n\t\n\n<div class=\"wp-block-columns is-layout-flex wp-container-core-columns-is-layout-9d6595d7 wp-block-columns-is-layout-flex\">\n<div class=\"wp-block-column is-layout-flow wp-block-column-is-layout-flow\" style=\"flex-basis:50%\">\n<figure class=\"wp-block-image size-full is-style-rounded\"><img loading=\"lazy\" decoding=\"async\" width=\"1178\" height=\"1178\" src=\"https:\/\/growwithteamvision.com\/wp-content\/uploads\/2025\/03\/Dr-Susy-Lake-edited.jpg\" alt=\"\" class=\"wp-image-1803\" style=\"aspect-ratio:1;object-fit:cover\" srcset=\"https:\/\/growwithteamvision.com\/wp-content\/uploads\/2025\/03\/Dr-Susy-Lake-edited.jpg 1178w, https:\/\/growwithteamvision.com\/wp-content\/uploads\/2025\/03\/Dr-Susy-Lake-edited-300x300.jpg 300w, https:\/\/growwithteamvision.com\/wp-content\/uploads\/2025\/03\/Dr-Susy-Lake-edited-1024x1024.jpg 1024w, https:\/\/growwithteamvision.com\/wp-content\/uploads\/2025\/03\/Dr-Susy-Lake-edited-150x150.jpg 150w, https:\/\/growwithteamvision.com\/wp-content\/uploads\/2025\/03\/Dr-Susy-Lake-edited-768x768.jpg 768w\" sizes=\"auto, (max-width: 1178px) 100vw, 1178px\" \/><\/figure>\n\n\n\n<div style=\"height:20px\" aria-hidden=\"true\" class=\"wp-block-spacer\"><\/div>\n\n\n\n<h4 class=\"wp-block-heading\"><em>\"Nos employ\u00e9s ont appr\u00e9ci\u00e9 les avantages sociaux de classe mondiale<\/em>.<em>&#8220;<\/em><\/h4>\n\n\n\n<p class=\"has-black-color has-text-color has-background has-link-color wp-elements-2e17e7f41eea0039a6ba2dcc0a970b78\" style=\"background-color:#fbff57\"><a href=\"https:\/\/eyecarespecialties.biz\/\" target=\"_blank\" rel=\"noreferrer noopener\">Eyecare Specialties, MO<\/a><\/p>\n\n\n\n<p>Mon cabinet s'est associ\u00e9 \u00e0 TeamVision il y a pr\u00e8s de trois ans. Le processus, m\u00eame s'il n'a pas \u00e9t\u00e9 exempt de stress, a permis de nombreux changements positifs dans mon cabinet et dans ma vie personnelle. Nos employ\u00e9s ont appr\u00e9ci\u00e9 les avantages sociaux de classe mondiale et mes m\u00e9decins ont continu\u00e9 \u00e0 avoir la libert\u00e9 de pratiquer comme ils l'entendent. <\/p>\n\n\n\n<div class=\"accordion\">\n  <button aria-expanded=\"false\" onclick=\"toggleAccordion(this)\">\n    Lire la suite\n  <\/button>\n  <div class=\"accordion-content\">\n    <p>Notre \u00e9quipement est au top, nos dispensaires sont plus remplis qu'ils ne l'ont jamais \u00e9t\u00e9 et nos ventes sont en hausse. Il n'y a pas de transition que l'on puisse faire avec un bureau qui n'entra\u00eene pas de probl\u00e8mes, mais nous avons constat\u00e9 que ceux de TeamVision sont g\u00e9rables et que des solutions sont trouv\u00e9es pour le bien de l'ensemble de l'organisation. Je recommanderais cette option \u00e0 tous ceux qui envisagent de faire \u00e9voluer leurs bureaux vers une nouvelle structure.<\/p>\n  <\/div>\n<\/div>\n\n<script>\nfunction toggleAccordion(button) {\n  const expanded = button.getAttribute(\"aria-expanded\") === \"true\";\n  button.setAttribute(\"aria-expanded\", !expanded);\n  button.textContent = expanded ? \"Read More\" : \"Read Less\";\n}\n<\/script>\n\n\n\n\n<div style=\"height:10px\" aria-hidden=\"true\" class=\"wp-block-spacer\"><\/div>\n\n\n\n<p><strong>- Dr. Susan Lake<\/strong><\/p>\n<\/div>\n\n\n\n<div class=\"wp-block-column is-layout-flow wp-block-column-is-layout-flow\" style=\"flex-basis:50%\">\n<figure class=\"wp-block-image size-full is-style-rounded\"><img loading=\"lazy\" decoding=\"async\" width=\"480\" height=\"360\" src=\"https:\/\/growwithteamvision.com\/wp-content\/uploads\/2025\/01\/dr-david-ardaya-Golden-Optometric-Group-edited.jpg\" alt=\"\" class=\"wp-image-1527\" style=\"aspect-ratio:1;object-fit:cover\" srcset=\"https:\/\/growwithteamvision.com\/wp-content\/uploads\/2025\/01\/dr-david-ardaya-Golden-Optometric-Group-edited.jpg 480w, https:\/\/growwithteamvision.com\/wp-content\/uploads\/2025\/01\/dr-david-ardaya-Golden-Optometric-Group-edited-300x225.jpg 300w\" sizes=\"auto, (max-width: 480px) 100vw, 480px\" \/><\/figure>\n\n\n\n<div style=\"height:20px\" aria-hidden=\"true\" class=\"wp-block-spacer\"><\/div>\n\n\n\n<h4 class=\"wp-block-heading\"><em>\"Je recommanderais TeamVision \u00e0 mes amis et coll\u00e8gues.<\/em><\/h4>\n\n\n\n<p class=\"has-black-color has-text-color has-background has-link-color wp-elements-f5cd615f3e5db751eb59004332f6d656\" style=\"background-color:#fbff57\"><a href=\"https:\/\/goldenoptometric.com\/\" target=\"_blank\" rel=\"noreferrer noopener\"><span style=\"text-decoration: underline;\">Golden Optometric Group, CA<\/span><\/a><\/p>\n\n\n\n<p>Le partenariat avec TeamVision a fourni \u00e0 notre cabinet un ensemble de services puissants qui ont permis \u00e0 nos cliniciens de se concentrer sur les soins centr\u00e9s sur le patient. Nous avons l'impression d'\u00eatre sur la bonne voie avec un groupe de personnes fantastiques.<\/p>\n\n\n\n<div class=\"accordion\">\n  <button aria-expanded=\"false\" onclick=\"toggleAccordion(this)\">\n    Lire la suite\n  <\/button>\n  <div class=\"accordion-content\">\n    <p>Aujourd'hui, notre conseil de direction des m\u00e9decins travaille aux c\u00f4t\u00e9s de nos homologues de TeamVision pour am\u00e9liorer sans cesse la situation de nos patients.\n<br>\nR\u00e9trospectivement, ce fut un voyage incroyable et je recommanderais TeamVision \u00e0 mes amis et coll\u00e8gues.<\/p>\n  <\/div>\n<\/div>\n\n<script>\nfunction toggleAccordion(button) {\n  const expanded = button.getAttribute(\"aria-expanded\") === \"true\";\n  button.setAttribute(\"aria-expanded\", !expanded);\n  button.textContent = expanded ? \"Read More\" : \"Read Less\";\n}\n<\/script>\n\n\n\n\n<div style=\"height:10px\" aria-hidden=\"true\" class=\"wp-block-spacer\"><\/div>\n\n\n\n<p><strong>- Dr. David Ardaya<\/strong><\/p>\n<\/div>\n\n\n\n<div class=\"wp-block-column is-layout-flow wp-block-column-is-layout-flow\" style=\"flex-basis:50%\">\n<figure class=\"wp-block-image size-full is-style-rounded\"><img loading=\"lazy\" decoding=\"async\" width=\"2560\" height=\"2560\" src=\"https:\/\/growwithteamvision.com\/wp-content\/uploads\/2025\/01\/Dr-Tony-Clark-Triangle-Visions-Optometry-edited-1-scaled.jpg\" alt=\"\" class=\"wp-image-1533\" style=\"aspect-ratio:1;object-fit:cover\" srcset=\"https:\/\/growwithteamvision.com\/wp-content\/uploads\/2025\/01\/Dr-Tony-Clark-Triangle-Visions-Optometry-edited-1-scaled.jpg 2560w, https:\/\/growwithteamvision.com\/wp-content\/uploads\/2025\/01\/Dr-Tony-Clark-Triangle-Visions-Optometry-edited-1-300x300.jpg 300w, https:\/\/growwithteamvision.com\/wp-content\/uploads\/2025\/01\/Dr-Tony-Clark-Triangle-Visions-Optometry-edited-1-1024x1024.jpg 1024w, https:\/\/growwithteamvision.com\/wp-content\/uploads\/2025\/01\/Dr-Tony-Clark-Triangle-Visions-Optometry-edited-1-150x150.jpg 150w, https:\/\/growwithteamvision.com\/wp-content\/uploads\/2025\/01\/Dr-Tony-Clark-Triangle-Visions-Optometry-edited-1-768x768.jpg 768w, https:\/\/growwithteamvision.com\/wp-content\/uploads\/2025\/01\/Dr-Tony-Clark-Triangle-Visions-Optometry-edited-1-1536x1536.jpg 1536w, https:\/\/growwithteamvision.com\/wp-content\/uploads\/2025\/01\/Dr-Tony-Clark-Triangle-Visions-Optometry-edited-1-2048x2048.jpg 2048w, https:\/\/growwithteamvision.com\/wp-content\/uploads\/2025\/01\/Dr-Tony-Clark-Triangle-Visions-Optometry-edited-1-400x400.jpg 400w, https:\/\/growwithteamvision.com\/wp-content\/uploads\/2025\/01\/Dr-Tony-Clark-Triangle-Visions-Optometry-edited-1-600x600.jpg 600w\" sizes=\"auto, (max-width: 2560px) 100vw, 2560px\" \/><\/figure>\n\n\n\n<div style=\"height:20px\" aria-hidden=\"true\" class=\"wp-block-spacer\"><\/div>\n\n\n\n<h4 class=\"wp-block-heading\"><em>\"... nous a permis de nous concentrer sur ce que nous savons faire de mieux\".<\/em><\/h4>\n\n\n\n<p class=\"has-black-color has-text-color has-background has-link-color wp-elements-229d5654500c04c69f898072b4965ce6\" style=\"background-color:#fbff57\"><a href=\"https:\/\/trianglevisions.com\/\" target=\"_blank\" rel=\"noreferrer noopener\"><span style=\"text-decoration: underline;\">Triangle Visions Optomet<\/span><\/a><a href=\"https:\/\/trianglevisions.com\/\"><span style=\"text-decoration: underline;\">ry, NC<\/span><\/a><\/p>\n\n\n\n<p>Je pense que nous reconnaissons tous que le secteur des soins de sant\u00e9 est, \u00e0 bien des \u00e9gards, plus difficile aujourd'hui qu'il ne l'a \u00e9t\u00e9 par le pass\u00e9.  M\u00eame pour un grand cabinet, il est parfois difficile de suivre l'\u00e9volution de la technologie, des questions relatives aux employ\u00e9s, comme le recrutement et le droit du travail, et des changements en mati\u00e8re de gouvernement et d'assurance.  C'est particuli\u00e8rement vrai lorsque vous \u00eates toujours m\u00e9decin dans votre clinique et que vous voyez des patients, ce qui \u00e9tait votre premier amour dans la profession.&nbsp; <br><\/p>\n\n\n\n<div class=\"accordion\">\n  <button aria-expanded=\"false\" onclick=\"toggleAccordion(this)\">\n    Lire la suite\n  <\/button>\n  <div class=\"accordion-content\">\n    <p>En rejoignant TeamVision, nous avons pu nous concentrer sur ce que nous savons faire de mieux et nous associer \u00e0 TeamVision pour le reste.  Nous appr\u00e9cions le fait que le groupe de direction de TeamVision s'engage \u00e0 \u00e9couter les cliniciens sur le terrain et appr\u00e9cie notre contribution. Ils s'efforcent sinc\u00e8rement de maintenir le mod\u00e8le m\u00e9dical de l'optom\u00e9trie, que je consid\u00e8re personnellement comme la meilleure version de cette profession extraordinaire.<\/p>\n  <\/div>\n<\/div>\n\n<script>\nfunction toggleAccordion(button) {\n  const expanded = button.getAttribute(\"aria-expanded\") === \"true\";\n  button.setAttribute(\"aria-expanded\", !expanded);\n  button.textContent = expanded ? \"Read More\" : \"Read Less\";\n}\n<\/script>\n\n\n\n\n<div style=\"height:10px\" aria-hidden=\"true\" class=\"wp-block-spacer\"><\/div>\n\n\n\n<p><strong>- Dr. Tony Clark<\/strong><\/p>\n<\/div>\n<\/div>\n\n\n\n<div style=\"height:20px\" aria-hidden=\"true\" class=\"wp-block-spacer\"><\/div>\n\n\n\n<div class=\"wp-block-columns is-layout-flex wp-container-core-columns-is-layout-9d6595d7 wp-block-columns-is-layout-flex\">\n<div class=\"wp-block-column is-layout-flow wp-block-column-is-layout-flow\">\n<h4 class=\"wp-block-heading\"><em>\"C'est la meilleure d\u00e9cision que nous ayons pu prendre.<\/em><\/h4>\n\n\n\n<p class=\"has-black-color has-text-color has-background has-link-color wp-elements-9626ea49bb0cc6ab92e0d610e57b9b2a\" style=\"background-color:#fbff57\"><a href=\"https:\/\/rosineyecare.com\/\" target=\"_blank\" rel=\"noreferrer noopener\">Comprehensive Eyecare Physicians, IL<\/a><\/p>\n\n\n\n<p>Lorsque mon cabinet a \u00e9t\u00e9 approch\u00e9 par TeamVision, nous cherchions des moyens de prendre des parts dans l'entreprise tout en trouvant une voie d'avenir significative pour notre cabinet, nos employ\u00e9s et nos patients. Ce fut la meilleure d\u00e9cision que nous ayons pu prendre.<\/p>\n\n\n\n<div class=\"accordion\">\n  <button aria-expanded=\"false\" onclick=\"toggleAccordion(this)\">\n    Lire la suite\n  <\/button>\n  <div class=\"accordion-content\">\n    <p>TeamVision a respect\u00e9 les valeurs fondamentales sur lesquelles nous avons grandi. Dans le m\u00eame temps, des investissements ont \u00e9t\u00e9 r\u00e9alis\u00e9s pour apporter une croissance technologique qui nous a permis d'offrir beaucoup plus de services \u00e0 nos patients. Bien que le changement puisse \u00eatre stressant, TeamVision nous a aid\u00e9s \u00e0 faire \u00e9voluer notre cabinet vers un cabinet mieux \u00e9quip\u00e9 pour offrir les meilleurs soins ophtalmologiques \u00e0 nos patients, d'excellents avantages \u00e0 notre personnel et l'avantage concurrentiel qui permettra \u00e0 notre cabinet d'entrer dans la prochaine g\u00e9n\u00e9ration.\n<\/p>\n  <\/div>\n<\/div>\n\n<script>\nfunction toggleAccordion(button) {\n  const expanded = button.getAttribute(\"aria-expanded\") === \"true\";\n  button.setAttribute(\"aria-expanded\", !expanded);\n  button.textContent = expanded ? \"Read More\" : \"Read Less\";\n}\n<\/script>\n\n\n\n\n<p><strong>- Dr. Jon Rosin<\/strong><\/p>\n<\/div>\n\n\n\n<div class=\"wp-block-column is-layout-flow wp-block-column-is-layout-flow\" style=\"flex-basis:25%\">\n<figure class=\"wp-block-image size-full is-style-rounded\"><img loading=\"lazy\" decoding=\"async\" width=\"312\" height=\"416\" src=\"https:\/\/growwithteamvision.com\/wp-content\/uploads\/2025\/02\/Dr.-Jonthan-Rosin-edited-1.jpg\" alt=\"\" class=\"wp-image-1741\" style=\"aspect-ratio:1;object-fit:cover\" srcset=\"https:\/\/growwithteamvision.com\/wp-content\/uploads\/2025\/02\/Dr.-Jonthan-Rosin-edited-1.jpg 312w, https:\/\/growwithteamvision.com\/wp-content\/uploads\/2025\/02\/Dr.-Jonthan-Rosin-edited-1-225x300.jpg 225w\" sizes=\"auto, (max-width: 312px) 100vw, 312px\" \/><\/figure>\n<\/div>\n<\/div>\n\n\n\n<div style=\"height:20px\" aria-hidden=\"true\" class=\"wp-block-spacer\"><\/div>\n\n<\/div>\n\n<\/div>","protected":false},"excerpt":{"rendered":"","protected":false},"author":1,"featured_media":0,"parent":0,"menu_order":0,"comment_status":"closed","ping_status":"closed","template":"","meta":{"_acf_changed":false,"footnotes":""},"class_list":["post-1073","page","type-page","status-publish","hentry"],"acf":[],"yoast_head":"<!-- This site is optimized with the Yoast SEO plugin v27.4 - https:\/\/yoast.com\/product\/yoast-seo-wordpress\/ -->\n<title>Testimonials - TeamVision<\/title>\n<meta name=\"robots\" content=\"index, follow, max-snippet:-1, max-image-preview:large, max-video-preview:-1\" \/>\n<link rel=\"canonical\" href=\"https:\/\/growwithteamvision.com\/fr\/testimonials\/\" \/>\n<meta property=\"og:locale\" content=\"fr_CA\" \/>\n<meta property=\"og:type\" content=\"article\" \/>\n<meta property=\"og:title\" content=\"Testimonials - TeamVision\" \/>\n<meta property=\"og:url\" content=\"https:\/\/growwithteamvision.com\/fr\/testimonials\/\" \/>\n<meta property=\"og:site_name\" content=\"TeamVision\" \/>\n<meta property=\"article:modified_time\" content=\"2025-05-27T19:53:14+00:00\" \/>\n<meta property=\"og:image\" content=\"https:\/\/growwithteamvision.com\/wp-content\/uploads\/2025\/03\/Dr-Susy-Lake-edited.jpg\" \/>\n\t<meta property=\"og:image:width\" content=\"1178\" \/>\n\t<meta property=\"og:image:height\" content=\"1178\" \/>\n\t<meta property=\"og:image:type\" content=\"image\/jpeg\" \/>\n<meta name=\"twitter:card\" content=\"summary_large_image\" \/>\n<meta name=\"twitter:label1\" content=\"Estimation du temps de lecture\" \/>\n\t<meta name=\"twitter:data1\" content=\"4 minutes\" \/>\n<script type=\"application\/ld+json\" class=\"yoast-schema-graph\">{\"@context\":\"https:\\\/\\\/schema.org\",\"@graph\":[{\"@type\":\"WebPage\",\"@id\":\"https:\\\/\\\/growwithteamvision.com\\\/testimonials\\\/\",\"url\":\"https:\\\/\\\/growwithteamvision.com\\\/testimonials\\\/\",\"name\":\"Testimonials - TeamVision\",\"isPartOf\":{\"@id\":\"https:\\\/\\\/growwithteamvision.com\\\/#website\"},\"primaryImageOfPage\":{\"@id\":\"https:\\\/\\\/growwithteamvision.com\\\/testimonials\\\/#primaryimage\"},\"image\":{\"@id\":\"https:\\\/\\\/growwithteamvision.com\\\/testimonials\\\/#primaryimage\"},\"thumbnailUrl\":\"https:\\\/\\\/growwithteamvision.com\\\/wp-content\\\/uploads\\\/2025\\\/03\\\/Dr-Susy-Lake-edited.jpg\",\"datePublished\":\"2024-08-19T16:50:06+00:00\",\"dateModified\":\"2025-05-27T19:53:14+00:00\",\"breadcrumb\":{\"@id\":\"https:\\\/\\\/growwithteamvision.com\\\/testimonials\\\/#breadcrumb\"},\"inLanguage\":\"fr-CA\",\"potentialAction\":[{\"@type\":\"ReadAction\",\"target\":[\"https:\\\/\\\/growwithteamvision.com\\\/testimonials\\\/\"]}]},{\"@type\":\"ImageObject\",\"inLanguage\":\"fr-CA\",\"@id\":\"https:\\\/\\\/growwithteamvision.com\\\/testimonials\\\/#primaryimage\",\"url\":\"https:\\\/\\\/growwithteamvision.com\\\/wp-content\\\/uploads\\\/2025\\\/03\\\/Dr-Susy-Lake-edited.jpg\",\"contentUrl\":\"https:\\\/\\\/growwithteamvision.com\\\/wp-content\\\/uploads\\\/2025\\\/03\\\/Dr-Susy-Lake-edited.jpg\"},{\"@type\":\"BreadcrumbList\",\"@id\":\"https:\\\/\\\/growwithteamvision.com\\\/testimonials\\\/#breadcrumb\",\"itemListElement\":[{\"@type\":\"ListItem\",\"position\":1,\"name\":\"Home\",\"item\":\"https:\\\/\\\/growwithteamvision.com\\\/\"},{\"@type\":\"ListItem\",\"position\":2,\"name\":\"Testimonials\"}]},{\"@type\":\"WebSite\",\"@id\":\"https:\\\/\\\/growwithteamvision.com\\\/#website\",\"url\":\"https:\\\/\\\/growwithteamvision.com\\\/\",\"name\":\"TeamVision\",\"description\":\"Tagline\",\"potentialAction\":[{\"@type\":\"SearchAction\",\"target\":{\"@type\":\"EntryPoint\",\"urlTemplate\":\"https:\\\/\\\/growwithteamvision.com\\\/?s={search_term_string}\"},\"query-input\":{\"@type\":\"PropertyValueSpecification\",\"valueRequired\":true,\"valueName\":\"search_term_string\"}}],\"inLanguage\":\"fr-CA\"}]}<\/script>\n<!-- \/ Yoast SEO plugin. -->","yoast_head_json":{"title":"T\u00e9moignages - TeamVision","robots":{"index":"index","follow":"follow","max-snippet":"max-snippet:-1","max-image-preview":"max-image-preview:large","max-video-preview":"max-video-preview:-1"},"canonical":"https:\/\/growwithteamvision.com\/fr\/testimonials\/","og_locale":"fr_CA","og_type":"article","og_title":"Testimonials - TeamVision","og_url":"https:\/\/growwithteamvision.com\/fr\/testimonials\/","og_site_name":"TeamVision","article_modified_time":"2025-05-27T19:53:14+00:00","og_image":[{"width":1178,"height":1178,"url":"https:\/\/growwithteamvision.com\/wp-content\/uploads\/2025\/03\/Dr-Susy-Lake-edited.jpg","type":"image\/jpeg"}],"twitter_card":"summary_large_image","twitter_misc":{"Estimation du temps de lecture":"4 minutes"},"schema":{"@context":"https:\/\/schema.org","@graph":[{"@type":"WebPage","@id":"https:\/\/growwithteamvision.com\/testimonials\/","url":"https:\/\/growwithteamvision.com\/testimonials\/","name":"T\u00e9moignages - TeamVision","isPartOf":{"@id":"https:\/\/growwithteamvision.com\/#website"},"primaryImageOfPage":{"@id":"https:\/\/growwithteamvision.com\/testimonials\/#primaryimage"},"image":{"@id":"https:\/\/growwithteamvision.com\/testimonials\/#primaryimage"},"thumbnailUrl":"https:\/\/growwithteamvision.com\/wp-content\/uploads\/2025\/03\/Dr-Susy-Lake-edited.jpg","datePublished":"2024-08-19T16:50:06+00:00","dateModified":"2025-05-27T19:53:14+00:00","breadcrumb":{"@id":"https:\/\/growwithteamvision.com\/testimonials\/#breadcrumb"},"inLanguage":"fr-CA","potentialAction":[{"@type":"ReadAction","target":["https:\/\/growwithteamvision.com\/testimonials\/"]}]},{"@type":"ImageObject","inLanguage":"fr-CA","@id":"https:\/\/growwithteamvision.com\/testimonials\/#primaryimage","url":"https:\/\/growwithteamvision.com\/wp-content\/uploads\/2025\/03\/Dr-Susy-Lake-edited.jpg","contentUrl":"https:\/\/growwithteamvision.com\/wp-content\/uploads\/2025\/03\/Dr-Susy-Lake-edited.jpg"},{"@type":"BreadcrumbList","@id":"https:\/\/growwithteamvision.com\/testimonials\/#breadcrumb","itemListElement":[{"@type":"ListItem","position":1,"name":"Home","item":"https:\/\/growwithteamvision.com\/"},{"@type":"ListItem","position":2,"name":"Testimonials"}]},{"@type":"WebSite","@id":"https:\/\/growwithteamvision.com\/#website","url":"https:\/\/growwithteamvision.com\/","name":"TeamVision","description":"Titre d'appel","potentialAction":[{"@type":"SearchAction","target":{"@type":"EntryPoint","urlTemplate":"https:\/\/growwithteamvision.com\/?s={search_term_string}"},"query-input":{"@type":"PropertyValueSpecification","valueRequired":true,"valueName":"search_term_string"}}],"inLanguage":"fr-CA"}]}},"_links":{"self":[{"href":"https:\/\/growwithteamvision.com\/fr\/wp-json\/wp\/v2\/pages\/1073","targetHints":{"allow":["GET"]}}],"collection":[{"href":"https:\/\/growwithteamvision.com\/fr\/wp-json\/wp\/v2\/pages"}],"about":[{"href":"https:\/\/growwithteamvision.com\/fr\/wp-json\/wp\/v2\/types\/page"}],"author":[{"embeddable":true,"href":"https:\/\/growwithteamvision.com\/fr\/wp-json\/wp\/v2\/users\/1"}],"replies":[{"embeddable":true,"href":"https:\/\/growwithteamvision.com\/fr\/wp-json\/wp\/v2\/comments?post=1073"}],"version-history":[{"count":40,"href":"https:\/\/growwithteamvision.com\/fr\/wp-json\/wp\/v2\/pages\/1073\/revisions"}],"predecessor-version":[{"id":1902,"href":"https:\/\/growwithteamvision.com\/fr\/wp-json\/wp\/v2\/pages\/1073\/revisions\/1902"}],"wp:attachment":[{"href":"https:\/\/growwithteamvision.com\/fr\/wp-json\/wp\/v2\/media?parent=1073"}],"curies":[{"name":"wp","href":"https:\/\/api.w.org\/{rel}","templated":true}]}}