{"id":17,"date":"2022-02-07T18:24:06","date_gmt":"2022-02-07T18:24:06","guid":{"rendered":"https:\/\/clinixconnect.com\/?page_id=17"},"modified":"2025-05-23T17:35:20","modified_gmt":"2025-05-23T17:35:20","slug":"home","status":"publish","type":"page","link":"https:\/\/growwithteamvision.com\/fr\/","title":{"rendered":"Accueil"},"content":{"rendered":"<div class=\"wp-block-cover is-light home-feature\" style=\"min-height:300px;aspect-ratio:unset;\"><img loading=\"lazy\" decoding=\"async\" width=\"2000\" height=\"943\" class=\"wp-block-cover__image-background wp-image-1842 size-full\" alt=\"\" src=\"https:\/\/growwithteamvision.com\/wp-content\/uploads\/2025\/05\/Eye-Exam-Image-Homepage.jpg\" style=\"object-position:20% 51%\" data-object-fit=\"cover\" data-object-position=\"20% 51%\" srcset=\"https:\/\/growwithteamvision.com\/wp-content\/uploads\/2025\/05\/Eye-Exam-Image-Homepage.jpg 2000w, https:\/\/growwithteamvision.com\/wp-content\/uploads\/2025\/05\/Eye-Exam-Image-Homepage-300x141.jpg 300w, https:\/\/growwithteamvision.com\/wp-content\/uploads\/2025\/05\/Eye-Exam-Image-Homepage-1024x483.jpg 1024w, https:\/\/growwithteamvision.com\/wp-content\/uploads\/2025\/05\/Eye-Exam-Image-Homepage-768x362.jpg 768w, https:\/\/growwithteamvision.com\/wp-content\/uploads\/2025\/05\/Eye-Exam-Image-Homepage-1536x724.jpg 1536w\" sizes=\"auto, (max-width: 2000px) 100vw, 2000px\" \/><span aria-hidden=\"true\" class=\"wp-block-cover__background has-black-background-color has-background-dim-0 has-background-dim\"><\/span><div class=\"wp-block-cover__inner-container is-layout-flow wp-block-cover-is-layout-flow\"><div class=\"wp-bootstrap-blocks-container container mb-2\">\n\t\n\n<div class=\"wp-block-columns are-vertically-aligned-center mobile-hide is-layout-flex wp-container-core-columns-is-layout-9d6595d7 wp-block-columns-is-layout-flex\">\n<div class=\"wp-block-column is-vertically-aligned-center is-layout-flow wp-block-column-is-layout-flow\" style=\"flex-basis:60%\"><\/div>\n\n\n\n<div class=\"wp-block-column is-vertically-aligned-center is-layout-flow wp-block-column-is-layout-flow\" style=\"flex-basis:40%\">\n<div style=\"height:60px\" aria-hidden=\"true\" class=\"wp-block-spacer\"><\/div>\n\n\n<div class=\"wp-bootstrap-blocks-container container mb-2 mobile-hide\">\n\t\n\n<h2 class=\"wp-block-heading has-text-align-right has-black-color has-text-color has-link-color has-large-font-size wp-elements-6e410c351da36e6f30df96c75f922300\">Am\u00e9liorer les soins oculaires et vous offrir la tranquillit\u00e9 d'esprit<\/h2>\n\n\n\n<p class=\"has-text-align-right has-black-color has-text-color has-link-color wp-elements-5b7f29eb18a0d9e4478fa9d68efd0269\">Chez TeamVision, nous red\u00e9finissons ce que signifie travailler avec un groupe d'optom\u00e9trie. Notre mission est simple : aider les cabinets \u00e0 prosp\u00e9rer en leur fournissant les ressources, l'expertise et le soutien dont ils ont besoin pour offrir des soins oculaires exceptionnels.<\/p>\n\n<\/div>\n\n\n\n<div style=\"height:40px\" aria-hidden=\"true\" class=\"wp-block-spacer\"><\/div>\n<\/div>\n<\/div>\n\n<\/div>\n<\/div><\/div>\n\n\n\n<div class=\"wp-block-group desktop-hide has-background\" style=\"background-color:#f0f0f0\"><div class=\"wp-block-group__inner-container is-layout-constrained wp-block-group-is-layout-constrained\"><div class=\"wp-bootstrap-blocks-container container mb-2\">\n\t\n\n<div class=\"wp-block-columns are-vertically-aligned-center is-layout-flex wp-container-core-columns-is-layout-9d6595d7 wp-block-columns-is-layout-flex\">\n<div class=\"wp-block-column is-vertically-aligned-center is-layout-flow wp-block-column-is-layout-flow\" style=\"flex-basis:15%\"><\/div>\n\n\n\n<div class=\"wp-block-column is-vertically-aligned-center is-layout-flow wp-block-column-is-layout-flow\" style=\"flex-basis:70%\">\n<div style=\"height:60px\" aria-hidden=\"true\" class=\"wp-block-spacer\"><\/div>\n\n\n<div class=\"wp-bootstrap-blocks-container container mb-2\">\n\t\n\n<h2 class=\"wp-block-heading has-text-align-center has-black-color has-text-color has-link-color has-large-font-size wp-elements-7b5365375651c8b3af2dfe9570eec047\">Am\u00e9liorer les soins oculaires et vous offrir la tranquillit\u00e9 d'esprit<\/h2>\n\n\n\n<p class=\"has-text-align-center has-black-color has-text-color has-link-color wp-elements-e41fdcbaab008a84e7c1a5b1c57d2d52\">Chez TeamVision, nous red\u00e9finissons ce que signifie travailler avec un groupe d'optom\u00e9trie. Notre mission est simple : aider les cabinets \u00e0 prosp\u00e9rer en leur fournissant les ressources, l'expertise et le soutien dont ils ont besoin pour offrir des soins oculaires exceptionnels.<\/p>\n\n<\/div>\n\n\n\n<div style=\"height:40px\" aria-hidden=\"true\" class=\"wp-block-spacer\"><\/div>\n<\/div>\n\n\n\n<div class=\"wp-block-column is-vertically-aligned-center is-layout-flow wp-block-column-is-layout-flow\" style=\"flex-basis:15%\"><\/div>\n<\/div>\n\n<\/div>\n<\/div><\/div>\n\n\n<div class=\"wp-bootstrap-blocks-container container mb-0\">\n\t\n\n<div style=\"height:60px\" aria-hidden=\"true\" class=\"wp-block-spacer\"><\/div>\n\n\n\n<h2 class=\"wp-block-heading has-text-align-center\">Qu'est-ce que TeamVision ?<\/h2>\n\n\n\n<div class=\"wp-block-columns is-layout-flex wp-container-core-columns-is-layout-9d6595d7 wp-block-columns-is-layout-flex\">\n<div class=\"wp-block-column is-layout-flow wp-block-column-is-layout-flow\" style=\"flex-basis:10%\"><\/div>\n\n\n\n<div class=\"wp-block-column is-layout-flow wp-block-column-is-layout-flow\" style=\"flex-basis:80%\">\n<p class=\"has-text-align-center\">TeamVision est un programme de services de gestion propos\u00e9 aux cabinets d'optom\u00e9trie ind\u00e9pendants. Le programme TeamVision am\u00e9liore la capacit\u00e9 d'un optom\u00e9triste \u00e0 atteindre des normes de premier ordre en mati\u00e8re de qualit\u00e9 des soins oculaires et des lunettes. Le programme de services de gestion fournit certains services de gestion, de conseil, d'administration, d'affaires, de facturation, d'\u00e9quipement, de fournitures, de technologie de l'information et d'autres services pour simplifier la gestion de la pratique et permettre aux optom\u00e9tristes de se concentrer sur les soins aux patients.<\/p>\n<\/div>\n\n\n\n<div class=\"wp-block-column is-layout-flow wp-block-column-is-layout-flow\" style=\"flex-basis:10%\"><\/div>\n<\/div>\n\n\n\n<div style=\"height:20px\" aria-hidden=\"true\" class=\"wp-block-spacer\"><\/div>\n\n<\/div>\n\n\n\n<div class=\"wp-block-media-text has-media-on-the-right is-stacked-on-mobile is-image-fill-element has-background\" style=\"background-color:#f0f0f0\"><div class=\"wp-block-media-text__content\">\n<div style=\"height:80px\" aria-hidden=\"true\" class=\"wp-block-spacer\"><\/div>\n\n\n\n<h2 class=\"wp-block-heading\">Pourquoi choisir TeamVision ?<\/h2>\n\n\n\n<ul class=\"wp-block-list\">\n<li><strong>L'h\u00e9ritage<\/strong>: TeamVision s'engage \u00e0 maintenir et \u00e0 am\u00e9liorer l'h\u00e9ritage des pratiques g\u00e9r\u00e9es par TeamVision.<\/li>\n\n\n\n<li><strong>Un soutien sur mesure :<\/strong>&nbsp;Du marketing \u00e0 la gestion op\u00e9rationnelle en passant par la formation du personnel et l'int\u00e9gration de la technologie, nous personnalisons nos solutions pour r\u00e9pondre aux besoins uniques de chaque cabinet.<\/li>\n\n\n\n<li><strong>L'approche de l'optom\u00e9triste d'abord :<\/strong>&nbsp;Nous croyons que des optom\u00e9tristes heureux et autonomes offrent les meilleurs soins aux patients. C'est pourquoi nous donnons la priorit\u00e9 \u00e0 votre d\u00e9veloppement, \u00e0 votre ind\u00e9pendance et \u00e0 votre r\u00e9ussite.&nbsp;<\/li>\n\n\n\n<li><strong>Des op\u00e9rations sans faille<\/strong>: Nous prenons en charge les aspects complexes de la gestion d'une entreprise - facturation, conformit\u00e9 et ressources humaines - afin que vous puissiez vous concentrer sur ce que vous faites le mieux : soigner vos patients.&nbsp;<\/li>\n\n\n\n<li><strong>R\u00e9seau :<\/strong>&nbsp;Nous ne nous contentons pas de g\u00e9rer des cabinets, nous cr\u00e9ons des opportunit\u00e9s pour que les optom\u00e9tristes puissent s'\u00e9panouir dans leur carri\u00e8re et fournir des soins qui changent la vie de leurs communaut\u00e9s. Qu'il s'agisse de formations sur les derni\u00e8res techniques ou \u00e9tudes optom\u00e9triques, ou de nouvelles opportunit\u00e9s de carri\u00e8re pour le personnel de la clinique, TeamVision offre un vaste r\u00e9seau d'opportunit\u00e9s et de soutien pour vous et votre \u00e9quipe.<\/li>\n<\/ul>\n\n\n\n<div style=\"height:10px\" aria-hidden=\"true\" class=\"wp-block-spacer\"><\/div>\n\n\n<div class=\"wp-bootstrap-blocks-button\">\n\t<a\n\t\thref=\"https:\/\/growwithteamvision.com\/fr\/contact-us\/\"\n\t\t\t\t\t\tclass=\"btn btn-primary\"\n\t>\n\t\tNous contacter\t<\/a>\n<\/div>\n\n\n\n<div style=\"height:80px\" aria-hidden=\"true\" class=\"wp-block-spacer\"><\/div>\n<\/div><figure class=\"wp-block-media-text__media\"><img loading=\"lazy\" decoding=\"async\" width=\"1024\" height=\"1024\" src=\"https:\/\/growwithteamvision.com\/wp-content\/uploads\/2025\/05\/05-May-2025-PaidMedia-1024x1024-1.png\" alt=\"\" class=\"wp-image-1829 size-full\" style=\"object-position:26% 59%\" srcset=\"https:\/\/growwithteamvision.com\/wp-content\/uploads\/2025\/05\/05-May-2025-PaidMedia-1024x1024-1.png 1024w, https:\/\/growwithteamvision.com\/wp-content\/uploads\/2025\/05\/05-May-2025-PaidMedia-1024x1024-1-300x300.png 300w, https:\/\/growwithteamvision.com\/wp-content\/uploads\/2025\/05\/05-May-2025-PaidMedia-1024x1024-1-150x150.png 150w, https:\/\/growwithteamvision.com\/wp-content\/uploads\/2025\/05\/05-May-2025-PaidMedia-1024x1024-1-768x768.png 768w\" sizes=\"auto, (max-width: 1024px) 100vw, 1024px\" \/><\/figure><\/div>\n\n\n\n<div class=\"wp-block-cover\" style=\"min-height:200px;aspect-ratio:unset;\"><img loading=\"lazy\" decoding=\"async\" width=\"8688\" height=\"5792\" class=\"wp-block-cover__image-background wp-image-1330\" alt=\"\" src=\"https:\/\/growwithteamvision.com\/wp-content\/uploads\/2024\/11\/AdobeStock_232486649.jpeg\" data-object-fit=\"cover\" srcset=\"https:\/\/growwithteamvision.com\/wp-content\/uploads\/2024\/11\/AdobeStock_232486649.jpeg 8688w, https:\/\/growwithteamvision.com\/wp-content\/uploads\/2024\/11\/AdobeStock_232486649-300x200.jpeg 300w, https:\/\/growwithteamvision.com\/wp-content\/uploads\/2024\/11\/AdobeStock_232486649-1024x683.jpeg 1024w, https:\/\/growwithteamvision.com\/wp-content\/uploads\/2024\/11\/AdobeStock_232486649-768x512.jpeg 768w\" sizes=\"auto, (max-width: 8688px) 100vw, 8688px\" \/><span aria-hidden=\"true\" class=\"wp-block-cover__background has-background-dim-80 has-background-dim\" style=\"background-color:#333e4e\"><\/span><div class=\"wp-block-cover__inner-container is-layout-constrained wp-block-cover-is-layout-constrained\"><div class=\"wp-bootstrap-blocks-container container mb-0\">\n\t\n\n<div style=\"height:60px\" aria-hidden=\"true\" class=\"wp-block-spacer\"><\/div>\n\n\n\n<h2 class=\"wp-block-heading has-text-align-center\">Notre r\u00e9seau TeamVision<\/h2>\n\n\n\n<div style=\"height:30px\" aria-hidden=\"true\" class=\"wp-block-spacer\"><\/div>\n\n\n<div class=\"wp-bootstrap-blocks-button text-center\">\n\t<a\n\t\thref=\"\/fr\/locations\/\"\n\t\t\t\t\t\tclass=\"btn btn-secondary\"\n\t>\n\t\tTrouvez une clinique TeamVision pr\u00e8s de chez vous\t<\/a>\n<\/div>\n\n\n\n<div style=\"height:60px\" aria-hidden=\"true\" class=\"wp-block-spacer\"><\/div>\n\n<\/div>\n<\/div><\/div>\n\n\n<div class=\"wp-bootstrap-blocks-container container mb-0\">\n\t\n\n<div style=\"height:60px\" aria-hidden=\"true\" class=\"wp-block-spacer\"><\/div>\n\n\n\n<div class=\"wp-block-columns are-vertically-aligned-center is-layout-flex wp-container-core-columns-is-layout-9d6595d7 wp-block-columns-is-layout-flex\">\n<div class=\"wp-block-column is-vertically-aligned-center is-layout-flow wp-block-column-is-layout-flow\" style=\"flex-basis:25%\">\n<figure class=\"wp-block-image size-full is-style-rounded\"><img loading=\"lazy\" decoding=\"async\" width=\"1704\" height=\"2560\" src=\"https:\/\/growwithteamvision.com\/wp-content\/uploads\/2025\/05\/Luca-Tait-President-of-TeamVision-scaled.jpg\" alt=\"\" class=\"wp-image-1892\" style=\"aspect-ratio:1;object-fit:cover\" srcset=\"https:\/\/growwithteamvision.com\/wp-content\/uploads\/2025\/05\/Luca-Tait-President-of-TeamVision-scaled.jpg 1704w, https:\/\/growwithteamvision.com\/wp-content\/uploads\/2025\/05\/Luca-Tait-President-of-TeamVision-200x300.jpg 200w, https:\/\/growwithteamvision.com\/wp-content\/uploads\/2025\/05\/Luca-Tait-President-of-TeamVision-681x1024.jpg 681w, https:\/\/growwithteamvision.com\/wp-content\/uploads\/2025\/05\/Luca-Tait-President-of-TeamVision-768x1154.jpg 768w, https:\/\/growwithteamvision.com\/wp-content\/uploads\/2025\/05\/Luca-Tait-President-of-TeamVision-1022x1536.jpg 1022w, https:\/\/growwithteamvision.com\/wp-content\/uploads\/2025\/05\/Luca-Tait-President-of-TeamVision-1363x2048.jpg 1363w\" sizes=\"auto, (max-width: 1704px) 100vw, 1704px\" \/><\/figure>\n<\/div>\n\n\n\n<div class=\"wp-block-column is-vertically-aligned-center is-layout-flow wp-block-column-is-layout-flow\">\n<h4 class=\"wp-block-heading has-text-align-left\">Luca Tait, <em>Pr\u00e9sident de TeamVision<\/em><\/h4>\n\n\n\n<p class=\"has-text-align-left\">\"Nous donnons aux praticiens ind\u00e9pendants les moyens de passer \u00e0 l'\u00e9tape suivante de leur carri\u00e8re tout en veillant \u00e0 ce que le cabinet qu'ils se sont efforc\u00e9s de mettre en place reste centr\u00e9 sur la m\u00e9decine et sur le patient - ce qui permet aux m\u00e9decins de se concentrer sur les services m\u00e9dicaux, et non sur l'administration\".<\/p>\n<\/div>\n<\/div>\n\n\n\n<div style=\"height:20px\" aria-hidden=\"true\" class=\"wp-block-spacer\"><\/div>\n\n<\/div>","protected":false},"excerpt":{"rendered":"","protected":false},"author":1,"featured_media":1148,"parent":0,"menu_order":0,"comment_status":"closed","ping_status":"closed","template":"","meta":{"_acf_changed":false,"footnotes":""},"class_list":["post-17","page","type-page","status-publish","has-post-thumbnail","hentry"],"acf":[],"yoast_head":"<!-- This site is optimized with the Yoast SEO plugin v27.4 - https:\/\/yoast.com\/product\/yoast-seo-wordpress\/ -->\n<title>TeamVision<\/title>\n<meta name=\"robots\" content=\"index, follow, max-snippet:-1, max-image-preview:large, max-video-preview:-1\" \/>\n<link rel=\"canonical\" href=\"https:\/\/growwithteamvision.com\/fr\/\" \/>\n<meta property=\"og:locale\" content=\"fr_CA\" \/>\n<meta property=\"og:type\" content=\"article\" \/>\n<meta property=\"og:title\" content=\"TeamVision\" \/>\n<meta property=\"og:url\" content=\"https:\/\/growwithteamvision.com\/fr\/\" \/>\n<meta property=\"og:site_name\" content=\"TeamVision\" \/>\n<meta property=\"article:modified_time\" content=\"2025-05-23T17:35:20+00:00\" \/>\n<meta property=\"og:image\" content=\"https:\/\/growwithteamvision.com\/wp-content\/uploads\/2024\/08\/Woman-Wearing-Glasses-Eye-Care-in-Lakewood-WA.jpg\" \/>\n\t<meta property=\"og:image:width\" content=\"2000\" \/>\n\t<meta property=\"og:image:height\" content=\"1113\" \/>\n\t<meta property=\"og:image:type\" content=\"image\/jpeg\" \/>\n<meta name=\"twitter:card\" content=\"summary_large_image\" \/>\n<meta name=\"twitter:label1\" content=\"Estimation du temps de lecture\" \/>\n\t<meta name=\"twitter:data1\" content=\"3 minutes\" \/>\n<script type=\"application\/ld+json\" class=\"yoast-schema-graph\">{\"@context\":\"https:\\\/\\\/schema.org\",\"@graph\":[{\"@type\":\"WebPage\",\"@id\":\"https:\\\/\\\/growwithteamvision.com\\\/\",\"url\":\"https:\\\/\\\/growwithteamvision.com\\\/\",\"name\":\"TeamVision\",\"isPartOf\":{\"@id\":\"https:\\\/\\\/growwithteamvision.com\\\/#website\"},\"primaryImageOfPage\":{\"@id\":\"https:\\\/\\\/growwithteamvision.com\\\/#primaryimage\"},\"image\":{\"@id\":\"https:\\\/\\\/growwithteamvision.com\\\/#primaryimage\"},\"thumbnailUrl\":\"https:\\\/\\\/growwithteamvision.com\\\/wp-content\\\/uploads\\\/2024\\\/08\\\/Woman-Wearing-Glasses-Eye-Care-in-Lakewood-WA.jpg\",\"datePublished\":\"2022-02-07T18:24:06+00:00\",\"dateModified\":\"2025-05-23T17:35:20+00:00\",\"breadcrumb\":{\"@id\":\"https:\\\/\\\/growwithteamvision.com\\\/#breadcrumb\"},\"inLanguage\":\"fr-CA\",\"potentialAction\":[{\"@type\":\"ReadAction\",\"target\":[\"https:\\\/\\\/growwithteamvision.com\\\/\"]}]},{\"@type\":\"ImageObject\",\"inLanguage\":\"fr-CA\",\"@id\":\"https:\\\/\\\/growwithteamvision.com\\\/#primaryimage\",\"url\":\"https:\\\/\\\/growwithteamvision.com\\\/wp-content\\\/uploads\\\/2024\\\/08\\\/Woman-Wearing-Glasses-Eye-Care-in-Lakewood-WA.jpg\",\"contentUrl\":\"https:\\\/\\\/growwithteamvision.com\\\/wp-content\\\/uploads\\\/2024\\\/08\\\/Woman-Wearing-Glasses-Eye-Care-in-Lakewood-WA.jpg\",\"width\":2000,\"height\":1113},{\"@type\":\"BreadcrumbList\",\"@id\":\"https:\\\/\\\/growwithteamvision.com\\\/#breadcrumb\",\"itemListElement\":[{\"@type\":\"ListItem\",\"position\":1,\"name\":\"Home\",\"item\":\"https:\\\/\\\/growwithteamvision.com\\\/\"},{\"@type\":\"ListItem\",\"position\":2,\"name\":\"Home\"}]},{\"@type\":\"WebSite\",\"@id\":\"https:\\\/\\\/growwithteamvision.com\\\/#website\",\"url\":\"https:\\\/\\\/growwithteamvision.com\\\/\",\"name\":\"TeamVision\",\"description\":\"Tagline\",\"potentialAction\":[{\"@type\":\"SearchAction\",\"target\":{\"@type\":\"EntryPoint\",\"urlTemplate\":\"https:\\\/\\\/growwithteamvision.com\\\/?s={search_term_string}\"},\"query-input\":{\"@type\":\"PropertyValueSpecification\",\"valueRequired\":true,\"valueName\":\"search_term_string\"}}],\"inLanguage\":\"fr-CA\"}]}<\/script>\n<!-- \/ Yoast SEO plugin. -->","yoast_head_json":{"title":"TeamVision","robots":{"index":"index","follow":"follow","max-snippet":"max-snippet:-1","max-image-preview":"max-image-preview:large","max-video-preview":"max-video-preview:-1"},"canonical":"https:\/\/growwithteamvision.com\/fr\/","og_locale":"fr_CA","og_type":"article","og_title":"TeamVision","og_url":"https:\/\/growwithteamvision.com\/fr\/","og_site_name":"TeamVision","article_modified_time":"2025-05-23T17:35:20+00:00","og_image":[{"width":2000,"height":1113,"url":"https:\/\/growwithteamvision.com\/wp-content\/uploads\/2024\/08\/Woman-Wearing-Glasses-Eye-Care-in-Lakewood-WA.jpg","type":"image\/jpeg"}],"twitter_card":"summary_large_image","twitter_misc":{"Estimation du temps de lecture":"3 minutes"},"schema":{"@context":"https:\/\/schema.org","@graph":[{"@type":"WebPage","@id":"https:\/\/growwithteamvision.com\/","url":"https:\/\/growwithteamvision.com\/","name":"TeamVision","isPartOf":{"@id":"https:\/\/growwithteamvision.com\/#website"},"primaryImageOfPage":{"@id":"https:\/\/growwithteamvision.com\/#primaryimage"},"image":{"@id":"https:\/\/growwithteamvision.com\/#primaryimage"},"thumbnailUrl":"https:\/\/growwithteamvision.com\/wp-content\/uploads\/2024\/08\/Woman-Wearing-Glasses-Eye-Care-in-Lakewood-WA.jpg","datePublished":"2022-02-07T18:24:06+00:00","dateModified":"2025-05-23T17:35:20+00:00","breadcrumb":{"@id":"https:\/\/growwithteamvision.com\/#breadcrumb"},"inLanguage":"fr-CA","potentialAction":[{"@type":"ReadAction","target":["https:\/\/growwithteamvision.com\/"]}]},{"@type":"ImageObject","inLanguage":"fr-CA","@id":"https:\/\/growwithteamvision.com\/#primaryimage","url":"https:\/\/growwithteamvision.com\/wp-content\/uploads\/2024\/08\/Woman-Wearing-Glasses-Eye-Care-in-Lakewood-WA.jpg","contentUrl":"https:\/\/growwithteamvision.com\/wp-content\/uploads\/2024\/08\/Woman-Wearing-Glasses-Eye-Care-in-Lakewood-WA.jpg","width":2000,"height":1113},{"@type":"BreadcrumbList","@id":"https:\/\/growwithteamvision.com\/#breadcrumb","itemListElement":[{"@type":"ListItem","position":1,"name":"Home","item":"https:\/\/growwithteamvision.com\/"},{"@type":"ListItem","position":2,"name":"Home"}]},{"@type":"WebSite","@id":"https:\/\/growwithteamvision.com\/#website","url":"https:\/\/growwithteamvision.com\/","name":"TeamVision","description":"Titre d'appel","potentialAction":[{"@type":"SearchAction","target":{"@type":"EntryPoint","urlTemplate":"https:\/\/growwithteamvision.com\/?s={search_term_string}"},"query-input":{"@type":"PropertyValueSpecification","valueRequired":true,"valueName":"search_term_string"}}],"inLanguage":"fr-CA"}]}},"_links":{"self":[{"href":"https:\/\/growwithteamvision.com\/fr\/wp-json\/wp\/v2\/pages\/17","targetHints":{"allow":["GET"]}}],"collection":[{"href":"https:\/\/growwithteamvision.com\/fr\/wp-json\/wp\/v2\/pages"}],"about":[{"href":"https:\/\/growwithteamvision.com\/fr\/wp-json\/wp\/v2\/types\/page"}],"author":[{"embeddable":true,"href":"https:\/\/growwithteamvision.com\/fr\/wp-json\/wp\/v2\/users\/1"}],"replies":[{"embeddable":true,"href":"https:\/\/growwithteamvision.com\/fr\/wp-json\/wp\/v2\/comments?post=17"}],"version-history":[{"count":196,"href":"https:\/\/growwithteamvision.com\/fr\/wp-json\/wp\/v2\/pages\/17\/revisions"}],"predecessor-version":[{"id":1893,"href":"https:\/\/growwithteamvision.com\/fr\/wp-json\/wp\/v2\/pages\/17\/revisions\/1893"}],"wp:featuredmedia":[{"embeddable":true,"href":"https:\/\/growwithteamvision.com\/fr\/wp-json\/wp\/v2\/media\/1148"}],"wp:attachment":[{"href":"https:\/\/growwithteamvision.com\/fr\/wp-json\/wp\/v2\/media?parent=17"}],"curies":[{"name":"wp","href":"https:\/\/api.w.org\/{rel}","templated":true}]}}