{"id":971,"date":"2024-07-15T18:03:45","date_gmt":"2024-07-15T18:03:45","guid":{"rendered":"https:\/\/eyecareinhartsdale.com\/?page_id=971"},"modified":"2025-02-24T19:55:21","modified_gmt":"2025-02-24T19:55:21","slug":"accessibility","status":"publish","type":"page","link":"https:\/\/growwithteamvision.com\/fr\/accessibility\/","title":{"rendered":"D\u00e9claration d'accessibilit\u00e9"},"content":{"rendered":"<div class=\"wp-block-group has-text-color has-background has-link-color wp-elements-c7dcc75c453531e9fee391d151af5b7a\" style=\"color:#5c5c5c;background-color:#f3f3f3\"><div class=\"wp-block-group__inner-container is-layout-constrained wp-block-group-is-layout-constrained\"><div class=\"wp-bootstrap-blocks-container container mb-0\">\n\t\n<div class=\"wp-bootstrap-blocks-container container mb-0\">\n\t\n\n<div style=\"height:30px\" aria-hidden=\"true\" class=\"wp-block-spacer\"><\/div>\n\n\n<div class=\"yoast-breadcrumbs\"><span><span><a href=\"https:\/\/growwithteamvision.com\/fr\/\">Accueil<\/a><\/span> \" <span class=\"breadcrumb_last\" aria-current=\"page\">D\u00e9claration d'accessibilit\u00e9<\/span><\/span><\/div>\n\n\n<div style=\"height:30px\" aria-hidden=\"true\" class=\"wp-block-spacer\"><\/div>\n\n<\/div>\n\n<\/div>\n<\/div><\/div>\n\n\n\n<div style=\"height:50px\" aria-hidden=\"true\" class=\"wp-block-spacer\"><\/div>\n\n\n<div class=\"wp-bootstrap-blocks-container container-fluid mb-2\">\n\t\n<div class=\"wp-bootstrap-blocks-container container mb-2\">\n\t\n\n<h2 class=\"wp-block-heading\"><strong>D\u00e9claration d'accessibilit\u00e9 du web&nbsp;<\/strong><\/h2>\n\n\n\n<p>Au <strong>TeamVision<\/strong> nous nous effor\u00e7ons d'offrir une exp\u00e9rience exceptionnelle \u00e0 tous les utilisateurs de notre site web et nous nous engageons \u00e0 en assurer l'accessibilit\u00e9.\u00a0<\/p>\n\n\n\n<h3 class=\"wp-block-heading\"><strong>Efforts pour soutenir l'accessibilit\u00e9&nbsp;<\/strong><\/h3>\n\n\n\n<p><strong>TeamVision<\/strong> s'efforce de se conformer aux lignes directrices WCAG pour favoriser l'accessibilit\u00e9 et a pris les mesures suivantes pour garantir l'accessibilit\u00e9, y compris, mais sans s'y limiter :\u00a0<\/p>\n\n\n\n<ul class=\"wp-block-list\">\n<li>Nomination d'un sp\u00e9cialiste de l'accessibilit\u00e9 ;&nbsp;<\/li>\n\n\n\n<li>Formation \u00e0 l'accessibilit\u00e9 ;&nbsp;<\/li>\n\n\n\n<li>des objectifs et des responsabilit\u00e9s clairs en mati\u00e8re d'accessibilit\u00e9&nbsp;<\/li>\n\n\n\n<li>Tests automatis\u00e9s et manuels.&nbsp;<\/li>\n<\/ul>\n\n\n\n<h3 class=\"wp-block-heading\"><strong>Commentaires et pr\u00e9occupations&nbsp;<\/strong><\/h3>\n\n\n\n<p>Nous accueillons volontiers les commentaires et nous nous effor\u00e7ons d'am\u00e9liorer en permanence votre exp\u00e9rience et l'accessibilit\u00e9. Pour nous faire part de vos commentaires ou de vos pr\u00e9occupations, veuillez nous contacter \u00e0 l'adresse suivante&nbsp;<a href=\"mailto:webaccessibility@essilorluxottica.com\" target=\"_blank\" rel=\"noreferrer noopener\">webaccessibility@essilorluxottica.com<\/a>.&nbsp;<\/p>\n\n<\/div>\n\n<\/div>","protected":false},"excerpt":{"rendered":"","protected":false},"author":1,"featured_media":0,"parent":0,"menu_order":0,"comment_status":"closed","ping_status":"closed","template":"","meta":{"_acf_changed":false,"footnotes":""},"class_list":["post-971","page","type-page","status-publish","hentry"],"acf":[],"yoast_head":"<!-- This site is optimized with the Yoast SEO plugin v27.4 - https:\/\/yoast.com\/product\/yoast-seo-wordpress\/ -->\n<title>Accessibility Statement - TeamVision<\/title>\n<meta name=\"description\" content=\"TeamVision is committed to providing an accessible website for all users, ensuring an exceptional experience.\" \/>\n<meta name=\"robots\" content=\"index, follow, max-snippet:-1, max-image-preview:large, max-video-preview:-1\" \/>\n<link rel=\"canonical\" href=\"https:\/\/growwithteamvision.com\/fr\/accessibility\/\" \/>\n<meta property=\"og:locale\" content=\"fr_CA\" \/>\n<meta property=\"og:type\" content=\"article\" \/>\n<meta property=\"og:title\" content=\"Accessibility Statement - TeamVision\" \/>\n<meta property=\"og:description\" content=\"TeamVision is committed to providing an accessible website for all users, ensuring an exceptional experience.\" \/>\n<meta property=\"og:url\" content=\"https:\/\/growwithteamvision.com\/fr\/accessibility\/\" \/>\n<meta property=\"og:site_name\" content=\"TeamVision\" \/>\n<meta property=\"article:modified_time\" content=\"2025-02-24T19:55:21+00:00\" \/>\n<meta name=\"twitter:card\" content=\"summary_large_image\" \/>\n<meta name=\"twitter:label1\" content=\"Estimation du temps de lecture\" \/>\n\t<meta name=\"twitter:data1\" content=\"1 minute\" \/>\n<script type=\"application\/ld+json\" class=\"yoast-schema-graph\">{\"@context\":\"https:\\\/\\\/schema.org\",\"@graph\":[{\"@type\":\"WebPage\",\"@id\":\"https:\\\/\\\/growwithteamvision.com\\\/accessibility\\\/\",\"url\":\"https:\\\/\\\/growwithteamvision.com\\\/accessibility\\\/\",\"name\":\"Accessibility Statement - TeamVision\",\"isPartOf\":{\"@id\":\"https:\\\/\\\/growwithteamvision.com\\\/#website\"},\"datePublished\":\"2024-07-15T18:03:45+00:00\",\"dateModified\":\"2025-02-24T19:55:21+00:00\",\"description\":\"TeamVision is committed to providing an accessible website for all users, ensuring an exceptional experience.\",\"breadcrumb\":{\"@id\":\"https:\\\/\\\/growwithteamvision.com\\\/accessibility\\\/#breadcrumb\"},\"inLanguage\":\"fr-CA\",\"potentialAction\":[{\"@type\":\"ReadAction\",\"target\":[\"https:\\\/\\\/growwithteamvision.com\\\/accessibility\\\/\"]}]},{\"@type\":\"BreadcrumbList\",\"@id\":\"https:\\\/\\\/growwithteamvision.com\\\/accessibility\\\/#breadcrumb\",\"itemListElement\":[{\"@type\":\"ListItem\",\"position\":1,\"name\":\"Home\",\"item\":\"https:\\\/\\\/growwithteamvision.com\\\/\"},{\"@type\":\"ListItem\",\"position\":2,\"name\":\"Accessibility Statement\"}]},{\"@type\":\"WebSite\",\"@id\":\"https:\\\/\\\/growwithteamvision.com\\\/#website\",\"url\":\"https:\\\/\\\/growwithteamvision.com\\\/\",\"name\":\"TeamVision\",\"description\":\"Tagline\",\"potentialAction\":[{\"@type\":\"SearchAction\",\"target\":{\"@type\":\"EntryPoint\",\"urlTemplate\":\"https:\\\/\\\/growwithteamvision.com\\\/?s={search_term_string}\"},\"query-input\":{\"@type\":\"PropertyValueSpecification\",\"valueRequired\":true,\"valueName\":\"search_term_string\"}}],\"inLanguage\":\"fr-CA\"}]}<\/script>\n<!-- \/ Yoast SEO plugin. -->","yoast_head_json":{"title":"D\u00e9claration d'accessibilit\u00e9 - TeamVision","description":"TeamVision s'engage \u00e0 fournir un site Web accessible \u00e0 tous les utilisateurs, afin de garantir une exp\u00e9rience exceptionnelle.","robots":{"index":"index","follow":"follow","max-snippet":"max-snippet:-1","max-image-preview":"max-image-preview:large","max-video-preview":"max-video-preview:-1"},"canonical":"https:\/\/growwithteamvision.com\/fr\/accessibility\/","og_locale":"fr_CA","og_type":"article","og_title":"Accessibility Statement - TeamVision","og_description":"TeamVision is committed to providing an accessible website for all users, ensuring an exceptional experience.","og_url":"https:\/\/growwithteamvision.com\/fr\/accessibility\/","og_site_name":"TeamVision","article_modified_time":"2025-02-24T19:55:21+00:00","twitter_card":"summary_large_image","twitter_misc":{"Estimation du temps de lecture":"1 minute"},"schema":{"@context":"https:\/\/schema.org","@graph":[{"@type":"WebPage","@id":"https:\/\/growwithteamvision.com\/accessibility\/","url":"https:\/\/growwithteamvision.com\/accessibility\/","name":"D\u00e9claration d'accessibilit\u00e9 - TeamVision","isPartOf":{"@id":"https:\/\/growwithteamvision.com\/#website"},"datePublished":"2024-07-15T18:03:45+00:00","dateModified":"2025-02-24T19:55:21+00:00","description":"TeamVision s'engage \u00e0 fournir un site Web accessible \u00e0 tous les utilisateurs, afin de garantir une exp\u00e9rience exceptionnelle.","breadcrumb":{"@id":"https:\/\/growwithteamvision.com\/accessibility\/#breadcrumb"},"inLanguage":"fr-CA","potentialAction":[{"@type":"ReadAction","target":["https:\/\/growwithteamvision.com\/accessibility\/"]}]},{"@type":"BreadcrumbList","@id":"https:\/\/growwithteamvision.com\/accessibility\/#breadcrumb","itemListElement":[{"@type":"ListItem","position":1,"name":"Home","item":"https:\/\/growwithteamvision.com\/"},{"@type":"ListItem","position":2,"name":"Accessibility Statement"}]},{"@type":"WebSite","@id":"https:\/\/growwithteamvision.com\/#website","url":"https:\/\/growwithteamvision.com\/","name":"TeamVision","description":"Titre d'appel","potentialAction":[{"@type":"SearchAction","target":{"@type":"EntryPoint","urlTemplate":"https:\/\/growwithteamvision.com\/?s={search_term_string}"},"query-input":{"@type":"PropertyValueSpecification","valueRequired":true,"valueName":"search_term_string"}}],"inLanguage":"fr-CA"}]}},"_links":{"self":[{"href":"https:\/\/growwithteamvision.com\/fr\/wp-json\/wp\/v2\/pages\/971","targetHints":{"allow":["GET"]}}],"collection":[{"href":"https:\/\/growwithteamvision.com\/fr\/wp-json\/wp\/v2\/pages"}],"about":[{"href":"https:\/\/growwithteamvision.com\/fr\/wp-json\/wp\/v2\/types\/page"}],"author":[{"embeddable":true,"href":"https:\/\/growwithteamvision.com\/fr\/wp-json\/wp\/v2\/users\/1"}],"replies":[{"embeddable":true,"href":"https:\/\/growwithteamvision.com\/fr\/wp-json\/wp\/v2\/comments?post=971"}],"version-history":[{"count":7,"href":"https:\/\/growwithteamvision.com\/fr\/wp-json\/wp\/v2\/pages\/971\/revisions"}],"predecessor-version":[{"id":1800,"href":"https:\/\/growwithteamvision.com\/fr\/wp-json\/wp\/v2\/pages\/971\/revisions\/1800"}],"wp:attachment":[{"href":"https:\/\/growwithteamvision.com\/fr\/wp-json\/wp\/v2\/media?parent=971"}],"curies":[{"name":"wp","href":"https:\/\/api.w.org\/{rel}","templated":true}]}}